{"id":10,"date":"2024-12-26T13:40:56","date_gmt":"2024-12-26T13:40:56","guid":{"rendered":"https:\/\/zty.ctp.mybluehost.me\/website_9c475d8a\/projects\/"},"modified":"2025-12-21T08:48:07","modified_gmt":"2025-12-21T08:48:07","slug":"proiecte-campanii","status":"publish","type":"page","link":"https:\/\/asociatiavatra.ro\/en\/proiecte-campanii\/","title":{"rendered":"Proiecte si campanii"},"content":{"rendered":"<div class=\"nfd-container nfd-p-md nfd-theme-white nfd-bg-surface is-style-nfd-theme-white wp-block-group is-layout-constrained wp-container-core-group-is-layout-6141fbbf wp-block-group-is-layout-constrained\">\n<div class=\"nfd-gap-lg wp-block-group nfd-wb-animate nfd-wb-fade-in-bottom is-vertical is-content-justification-center is-layout-flex wp-container-core-group-is-layout-fa38c63a wp-block-group-is-layout-flex\">\n<p class=\"nfd-text-sm has-text-align-center\" style=\"font-style:normal;font-weight:500;letter-spacing:0.05em;text-transform:uppercase\">ASOCIA\u021aIA VATRA<\/p>\n\n\n\n<h2 class=\"wp-block-heading nfd-text-huge nfd-text-primary nfd-text-balance has-text-align-center\">PROIECTELE NOASTRE<\/h2>\n\n\n\n<p class=\"nfd-text-md nfd-text-balance nfd-text-faded has-text-align-center\">Locul unde trecutul, identitatea \u0219i inova\u021bia se unesc pentru a crea bun\u0103stare emo\u021bional\u0103 \u0219i experien\u021be transformatoare.<\/p>\n<\/div>\n<\/div>\n\n\n\n<div class=\"nfd-wb-headings__heading-8 wp-block-group alignwide nfd-wb-animate nfd-wb-fade-in-bottom is-layout-constrained wp-block-group-is-layout-constrained\">\n<div class=\"nfd-p-2 md:nfd-p-0 nfd-stretch-cover-child wp-block-cover\" style=\"min-height:5vh;aspect-ratio:unset;\"><img data-recalc-dims=\"1\" loading=\"lazy\" decoding=\"async\" width=\"1456\" height=\"816\" class=\"wp-block-cover__image-background wp-image-674 size-full\" alt=\"\" src=\"https:\/\/i0.wp.com\/asociatiavatra.ro\/wp-content\/uploads\/2025\/12\/WhatsApp-Image-2025-12-12-at-18.41.00-1.jpeg?resize=1456%2C816&#038;ssl=1\" style=\"object-position:40% 85%\" data-object-fit=\"cover\" data-object-position=\"40% 85%\" srcset=\"https:\/\/i0.wp.com\/asociatiavatra.ro\/wp-content\/uploads\/2025\/12\/WhatsApp-Image-2025-12-12-at-18.41.00-1.jpeg?w=1456&amp;ssl=1 1456w, https:\/\/i0.wp.com\/asociatiavatra.ro\/wp-content\/uploads\/2025\/12\/WhatsApp-Image-2025-12-12-at-18.41.00-1.jpeg?resize=300%2C168&amp;ssl=1 300w, https:\/\/i0.wp.com\/asociatiavatra.ro\/wp-content\/uploads\/2025\/12\/WhatsApp-Image-2025-12-12-at-18.41.00-1.jpeg?resize=1024%2C574&amp;ssl=1 1024w, https:\/\/i0.wp.com\/asociatiavatra.ro\/wp-content\/uploads\/2025\/12\/WhatsApp-Image-2025-12-12-at-18.41.00-1.jpeg?resize=768%2C430&amp;ssl=1 768w, https:\/\/i0.wp.com\/asociatiavatra.ro\/wp-content\/uploads\/2025\/12\/WhatsApp-Image-2025-12-12-at-18.41.00-1.jpeg?resize=18%2C10&amp;ssl=1 18w\" sizes=\"auto, (max-width: 1000px) 100vw, 1000px\" \/><span aria-hidden=\"true\" class=\"wp-block-cover__background has-base-background-color has-background-dim-0 has-background-dim\"><\/span><div class=\"wp-block-cover__inner-container is-layout-constrained wp-block-cover-is-layout-constrained\">\n<div class=\"nfd-container wp-block-group nfd-bg-effect-lines-2 is-layout-constrained wp-block-group-is-layout-constrained\">\n<div class=\"nfd-gap-md wp-block-group is-vertical is-content-justification-center is-layout-flex wp-container-core-group-is-layout-fa38c63a wp-block-group-is-layout-flex\" style=\"min-height:35vh\">\n<div class=\"wp-block-group is-layout-constrained wp-block-group-is-layout-constrained\" style=\"padding-top:var(--wp--preset--spacing--50);padding-bottom:var(--wp--preset--spacing--50)\">\n<h2 class=\"wp-block-heading nfd-text-huge nfd-text-contrast nfd-text-balance has-text-align-center has-header-background-color has-text-color has-link-color wp-elements-e92804efe3a936cc6382716d9fcee16e\">\u00cen spatele scenei preg\u0103tim ceva frumos. Revenim imediat ce ridic\u0103m cortina.<\/h2>\n<\/div>\n<\/div>\n<\/div>\n<\/div><\/div>\n<\/div>","protected":false},"excerpt":{"rendered":"<p>ASOCIA\u021aIA VATRA PROIECTELE NOASTRE Locul unde trecutul, identitatea \u0219i inova\u021bia se unesc pentru a crea bun\u0103stare emo\u021bional\u0103 \u0219i experien\u021be transformatoare.<\/p>","protected":false},"author":1,"featured_media":0,"parent":0,"menu_order":0,"comment_status":"closed","ping_status":"closed","template":"no-title","meta":{"nf_dc_page":"projects","om_disable_all_campaigns":false,"_uag_custom_page_level_css":"","_monsterinsights_skip_tracking":false,"_monsterinsights_sitenote_active":false,"_monsterinsights_sitenote_note":"","_monsterinsights_sitenote_category":0,"footnotes":""},"class_list":["post-10","page","type-page","status-publish","hentry"],"yoast_head":"<!-- This site is optimized with the Yoast SEO plugin v27.6 - https:\/\/yoast.com\/product\/yoast-seo-wordpress\/ -->\n<title>Proiecte si campanii - asociatiavatra.ro<\/title>\n<meta name=\"robots\" content=\"index, follow, max-snippet:-1, max-image-preview:large, max-video-preview:-1\" \/>\n<link rel=\"canonical\" href=\"https:\/\/asociatiavatra.ro\/en\/proiecte-campanii\/\" \/>\n<meta property=\"og:locale\" content=\"en_US\" \/>\n<meta property=\"og:type\" content=\"article\" \/>\n<meta property=\"og:title\" content=\"Proiecte si campanii - asociatiavatra.ro\" \/>\n<meta property=\"og:description\" content=\"ASOCIA\u021aIA VATRA PROIECTELE NOASTRE Locul unde trecutul, identitatea \u0219i inova\u021bia se unesc pentru a crea bun\u0103stare emo\u021bional\u0103 \u0219i experien\u021be transformatoare.\" \/>\n<meta property=\"og:url\" content=\"https:\/\/asociatiavatra.ro\/en\/proiecte-campanii\/\" \/>\n<meta property=\"og:site_name\" content=\"asociatiavatra.ro\" \/>\n<meta property=\"article:modified_time\" content=\"2025-12-21T08:48:07+00:00\" \/>\n<meta property=\"og:image\" content=\"https:\/\/asociatiavatra.ro\/wp-content\/uploads\/2025\/12\/WhatsApp-Image-2025-12-12-at-18.41.00-1.jpeg\" \/>\n<meta name=\"twitter:card\" content=\"summary_large_image\" \/>\n<meta name=\"twitter:label1\" content=\"Est. reading time\" \/>\n\t<meta name=\"twitter:data1\" content=\"1 minute\" \/>\n<script type=\"application\/ld+json\" class=\"yoast-schema-graph\">{\"@context\":\"https:\\\/\\\/schema.org\",\"@graph\":[{\"@type\":\"WebPage\",\"@id\":\"https:\\\/\\\/asociatiavatra.ro\\\/proiecte-campanii\\\/\",\"url\":\"https:\\\/\\\/asociatiavatra.ro\\\/proiecte-campanii\\\/\",\"name\":\"Proiecte si campanii - asociatiavatra.ro\",\"isPartOf\":{\"@id\":\"https:\\\/\\\/asociatiavatra.ro\\\/#website\"},\"primaryImageOfPage\":{\"@id\":\"https:\\\/\\\/asociatiavatra.ro\\\/proiecte-campanii\\\/#primaryimage\"},\"image\":{\"@id\":\"https:\\\/\\\/asociatiavatra.ro\\\/proiecte-campanii\\\/#primaryimage\"},\"thumbnailUrl\":\"https:\\\/\\\/asociatiavatra.ro\\\/wp-content\\\/uploads\\\/2025\\\/12\\\/WhatsApp-Image-2025-12-12-at-18.41.00-1.jpeg\",\"datePublished\":\"2024-12-26T13:40:56+00:00\",\"dateModified\":\"2025-12-21T08:48:07+00:00\",\"breadcrumb\":{\"@id\":\"https:\\\/\\\/asociatiavatra.ro\\\/proiecte-campanii\\\/#breadcrumb\"},\"inLanguage\":\"en-US\",\"potentialAction\":[{\"@type\":\"ReadAction\",\"target\":[\"https:\\\/\\\/asociatiavatra.ro\\\/proiecte-campanii\\\/\"]}]},{\"@type\":\"ImageObject\",\"inLanguage\":\"en-US\",\"@id\":\"https:\\\/\\\/asociatiavatra.ro\\\/proiecte-campanii\\\/#primaryimage\",\"url\":\"https:\\\/\\\/asociatiavatra.ro\\\/wp-content\\\/uploads\\\/2025\\\/12\\\/WhatsApp-Image-2025-12-12-at-18.41.00-1.jpeg\",\"contentUrl\":\"https:\\\/\\\/asociatiavatra.ro\\\/wp-content\\\/uploads\\\/2025\\\/12\\\/WhatsApp-Image-2025-12-12-at-18.41.00-1.jpeg\"},{\"@type\":\"BreadcrumbList\",\"@id\":\"https:\\\/\\\/asociatiavatra.ro\\\/proiecte-campanii\\\/#breadcrumb\",\"itemListElement\":[{\"@type\":\"ListItem\",\"position\":1,\"name\":\"Home\",\"item\":\"https:\\\/\\\/asociatiavatra.ro\\\/\"},{\"@type\":\"ListItem\",\"position\":2,\"name\":\"Proiecte si campanii\"}]},{\"@type\":\"WebSite\",\"@id\":\"https:\\\/\\\/asociatiavatra.ro\\\/#website\",\"url\":\"https:\\\/\\\/asociatiavatra.ro\\\/\",\"name\":\"asociatiavatra.ro\",\"description\":\"Valoriz\u0103m trecutul, transform\u0103m viitorul\",\"publisher\":{\"@id\":\"https:\\\/\\\/asociatiavatra.ro\\\/#organization\"},\"potentialAction\":[{\"@type\":\"SearchAction\",\"target\":{\"@type\":\"EntryPoint\",\"urlTemplate\":\"https:\\\/\\\/asociatiavatra.ro\\\/?s={search_term_string}\"},\"query-input\":{\"@type\":\"PropertyValueSpecification\",\"valueRequired\":true,\"valueName\":\"search_term_string\"}}],\"inLanguage\":\"en-US\"},{\"@type\":\"Organization\",\"@id\":\"https:\\\/\\\/asociatiavatra.ro\\\/#organization\",\"name\":\"asociatiavatra.ro\",\"url\":\"https:\\\/\\\/asociatiavatra.ro\\\/\",\"logo\":{\"@type\":\"ImageObject\",\"inLanguage\":\"en-US\",\"@id\":\"https:\\\/\\\/asociatiavatra.ro\\\/#\\\/schema\\\/logo\\\/image\\\/\",\"url\":\"https:\\\/\\\/i0.wp.com\\\/asociatiavatra.ro\\\/wp-content\\\/uploads\\\/2025\\\/12\\\/asociatiavatra_logo.png?fit=512%2C512&ssl=1\",\"contentUrl\":\"https:\\\/\\\/i0.wp.com\\\/asociatiavatra.ro\\\/wp-content\\\/uploads\\\/2025\\\/12\\\/asociatiavatra_logo.png?fit=512%2C512&ssl=1\",\"width\":512,\"height\":512,\"caption\":\"asociatiavatra.ro\"},\"image\":{\"@id\":\"https:\\\/\\\/asociatiavatra.ro\\\/#\\\/schema\\\/logo\\\/image\\\/\"}}]}<\/script>\n<!-- \/ Yoast SEO plugin. -->","yoast_head_json":{"title":"Proiecte si campanii - asociatiavatra.ro","robots":{"index":"index","follow":"follow","max-snippet":"max-snippet:-1","max-image-preview":"max-image-preview:large","max-video-preview":"max-video-preview:-1"},"canonical":"https:\/\/asociatiavatra.ro\/en\/proiecte-campanii\/","og_locale":"en_US","og_type":"article","og_title":"Proiecte si campanii - asociatiavatra.ro","og_description":"ASOCIA\u021aIA VATRA PROIECTELE NOASTRE Locul unde trecutul, identitatea \u0219i inova\u021bia se unesc pentru a crea bun\u0103stare emo\u021bional\u0103 \u0219i experien\u021be transformatoare.","og_url":"https:\/\/asociatiavatra.ro\/en\/proiecte-campanii\/","og_site_name":"asociatiavatra.ro","article_modified_time":"2025-12-21T08:48:07+00:00","og_image":[{"url":"https:\/\/asociatiavatra.ro\/wp-content\/uploads\/2025\/12\/WhatsApp-Image-2025-12-12-at-18.41.00-1.jpeg","type":"","width":"","height":""}],"twitter_card":"summary_large_image","twitter_misc":{"Est. reading time":"1 minute"},"schema":{"@context":"https:\/\/schema.org","@graph":[{"@type":"WebPage","@id":"https:\/\/asociatiavatra.ro\/proiecte-campanii\/","url":"https:\/\/asociatiavatra.ro\/proiecte-campanii\/","name":"Proiecte si campanii - asociatiavatra.ro","isPartOf":{"@id":"https:\/\/asociatiavatra.ro\/#website"},"primaryImageOfPage":{"@id":"https:\/\/asociatiavatra.ro\/proiecte-campanii\/#primaryimage"},"image":{"@id":"https:\/\/asociatiavatra.ro\/proiecte-campanii\/#primaryimage"},"thumbnailUrl":"https:\/\/asociatiavatra.ro\/wp-content\/uploads\/2025\/12\/WhatsApp-Image-2025-12-12-at-18.41.00-1.jpeg","datePublished":"2024-12-26T13:40:56+00:00","dateModified":"2025-12-21T08:48:07+00:00","breadcrumb":{"@id":"https:\/\/asociatiavatra.ro\/proiecte-campanii\/#breadcrumb"},"inLanguage":"en-US","potentialAction":[{"@type":"ReadAction","target":["https:\/\/asociatiavatra.ro\/proiecte-campanii\/"]}]},{"@type":"ImageObject","inLanguage":"en-US","@id":"https:\/\/asociatiavatra.ro\/proiecte-campanii\/#primaryimage","url":"https:\/\/asociatiavatra.ro\/wp-content\/uploads\/2025\/12\/WhatsApp-Image-2025-12-12-at-18.41.00-1.jpeg","contentUrl":"https:\/\/asociatiavatra.ro\/wp-content\/uploads\/2025\/12\/WhatsApp-Image-2025-12-12-at-18.41.00-1.jpeg"},{"@type":"BreadcrumbList","@id":"https:\/\/asociatiavatra.ro\/proiecte-campanii\/#breadcrumb","itemListElement":[{"@type":"ListItem","position":1,"name":"Home","item":"https:\/\/asociatiavatra.ro\/"},{"@type":"ListItem","position":2,"name":"Proiecte si campanii"}]},{"@type":"WebSite","@id":"https:\/\/asociatiavatra.ro\/#website","url":"https:\/\/asociatiavatra.ro\/","name":"asociatiavatra.ro","description":"We value the past, transform the future","publisher":{"@id":"https:\/\/asociatiavatra.ro\/#organization"},"potentialAction":[{"@type":"SearchAction","target":{"@type":"EntryPoint","urlTemplate":"https:\/\/asociatiavatra.ro\/?s={search_term_string}"},"query-input":{"@type":"PropertyValueSpecification","valueRequired":true,"valueName":"search_term_string"}}],"inLanguage":"en-US"},{"@type":"Organization","@id":"https:\/\/asociatiavatra.ro\/#organization","name":"asociatiavatra.ro","url":"https:\/\/asociatiavatra.ro\/","logo":{"@type":"ImageObject","inLanguage":"en-US","@id":"https:\/\/asociatiavatra.ro\/#\/schema\/logo\/image\/","url":"https:\/\/i0.wp.com\/asociatiavatra.ro\/wp-content\/uploads\/2025\/12\/asociatiavatra_logo.png?fit=512%2C512&ssl=1","contentUrl":"https:\/\/i0.wp.com\/asociatiavatra.ro\/wp-content\/uploads\/2025\/12\/asociatiavatra_logo.png?fit=512%2C512&ssl=1","width":512,"height":512,"caption":"asociatiavatra.ro"},"image":{"@id":"https:\/\/asociatiavatra.ro\/#\/schema\/logo\/image\/"}}]}},"uagb_featured_image_src":{"full":false,"thumbnail":false,"medium":false,"medium_large":false,"large":false,"1536x1536":false,"2048x2048":false,"trp-custom-language-flag":false},"uagb_author_info":{"display_name":"andreea_nicolae","author_link":"https:\/\/asociatiavatra.ro\/en\/author\/andreea_nicolae\/"},"uagb_comment_info":0,"uagb_excerpt":"ASOCIA\u021aIA VATRA PROIECTELE NOASTRE Locul unde trecutul, identitatea \u0219i inova\u021bia se unesc pentru a crea bun\u0103stare emo\u021bional\u0103 \u0219i experien\u021be transformatoare.","jetpack_sharing_enabled":true,"_links":{"self":[{"href":"https:\/\/asociatiavatra.ro\/en\/wp-json\/wp\/v2\/pages\/10","targetHints":{"allow":["GET"]}}],"collection":[{"href":"https:\/\/asociatiavatra.ro\/en\/wp-json\/wp\/v2\/pages"}],"about":[{"href":"https:\/\/asociatiavatra.ro\/en\/wp-json\/wp\/v2\/types\/page"}],"author":[{"embeddable":true,"href":"https:\/\/asociatiavatra.ro\/en\/wp-json\/wp\/v2\/users\/1"}],"replies":[{"embeddable":true,"href":"https:\/\/asociatiavatra.ro\/en\/wp-json\/wp\/v2\/comments?post=10"}],"version-history":[{"count":14,"href":"https:\/\/asociatiavatra.ro\/en\/wp-json\/wp\/v2\/pages\/10\/revisions"}],"predecessor-version":[{"id":676,"href":"https:\/\/asociatiavatra.ro\/en\/wp-json\/wp\/v2\/pages\/10\/revisions\/676"}],"wp:attachment":[{"href":"https:\/\/asociatiavatra.ro\/en\/wp-json\/wp\/v2\/media?parent=10"}],"curies":[{"name":"wp","href":"https:\/\/api.w.org\/{rel}","templated":true}]}}