{"id":11,"date":"2024-12-26T13:40:58","date_gmt":"2024-12-26T13:40:58","guid":{"rendered":"https:\/\/zty.ctp.mybluehost.me\/website_9c475d8a\/contact\/"},"modified":"2025-12-18T10:06:49","modified_gmt":"2025-12-18T10:06:49","slug":"contact","status":"publish","type":"page","link":"https:\/\/asociatiavatra.ro\/en\/contact\/","title":{"rendered":""},"content":{"rendered":"<div class=\"nfd-pt-lg nfd-theme-dark nfd-bg-surface is-style-nfd-theme-dark wp-block-group alignfull has-background nfd-bg-effect-grid is-layout-constrained wp-block-group-is-layout-constrained\" style=\"background:linear-gradient(0deg,rgba(255,255,255,0) 15%,rgb(22,26,29) 15%)\">\n<div class=\"nfd-gap-4xl wp-block-group is-vertical is-content-justification-center is-layout-flex wp-container-core-group-is-layout-ce155fab wp-block-group-is-layout-flex\">\n<div class=\"nfd-container wp-block-group is-layout-constrained wp-block-group-is-layout-constrained\">\n<div class=\"nfd-gap-xl wp-block-group nfd-wb-animate nfd-wb-fade-in-bottom-short is-vertical is-content-justification-center is-layout-flex wp-container-core-group-is-layout-f9a93ed8 wp-block-group-is-layout-flex\">\n<h1 class=\"nfd-text-giga nfd-text-contrast nfd-text-balance wp-block-heading has-text-align-center\">Contacteaz\u0103-ne<\/h1>\n<\/div>\n<\/div>\n\n\n\n<div class=\"wp-block-group alignfull nfd-wb-animate nfd-wb-reveal-right is-content-justification-center is-nowrap is-layout-flex wp-container-core-group-is-layout-0e9d841b wp-block-group-is-layout-flex\" style=\"margin-top:0;margin-bottom:0;padding-top:0;padding-right:0;padding-bottom:0;padding-left:0\">\n<div class=\"nfd-container nfd-p-lg nfd-wb-forms__form-3 wp-block-group alignfull is-layout-constrained wp-block-group-is-layout-constrained\" style=\"padding-top:0\">\n<div class=\"nfd-rounded-lg nfd-overflow-hidden is-style-nfd-theme-white wp-block-group nfd-wb-animate nfd-wb-fade-in-bottom-short nfd-delay-300 is-content-justification-left is-layout-flex wp-container-core-group-is-layout-7f0b7040 wp-block-group-is-layout-flex\" style=\"margin-top:0;margin-bottom:0;padding-top:0;padding-bottom:0\">\n<div class=\"nfd-p-card-square-lg nfd-text-base nfd-gap-xl is-style-nfd-theme-darker wp-block-group uag-hide-mob nfd-bg-effect-grid-2 wp-container-content-62513620 is-vertical is-content-justification-center is-layout-flex wp-container-core-group-is-layout-5e763914 wp-block-group-is-layout-flex\">\n<div class=\"nfd-gap-sm wp-block-group is-vertical is-layout-flex wp-container-core-group-is-layout-fe9cc265 wp-block-group-is-layout-flex\">\n<h2 class=\"wp-block-heading nfd-text-contrast nfd-text-lg has-text-align-center\">Hai s\u0103 ne cunoa\u0219tem!<\/h2>\n\n\n\n<p class=\"nfd-text-faded has-text-align-center\">Asocia\u021bia Valorizare pentru Transformare VATRA<\/p>\n<\/div>\n\n\n\n<div class=\"nfd-gap-md wp-block-group is-vertical is-layout-flex wp-container-core-group-is-layout-fe9cc265 wp-block-group-is-layout-flex\">\n<p class=\"nfd-text-opacity-80 nfd-text-sm\">Tel: <strong>+40 745 207 769<\/strong><br>Email: <strong>contact@asociatiavatra.ro<\/strong><\/p>\n<\/div>\n<\/div>\n\n\n\n<div class=\"nfd-p-card-square-lg md:nfd-basis-full is-style-nfd-theme-white wp-block-group wp-container-content-6d18316b is-layout-constrained wp-container-core-group-is-layout-41c06ba8 wp-block-group-is-layout-constrained\"><div class=\"wp-block-jetpack-contact-form is-style-default nfd-jp-form\"><a href=\"https:\/\/asociatiavatra.ro\/en\/contact\/\" target=\"_blank\" rel=\"noopener noreferrer\">Submit a form.<\/a><\/div><\/div>\n<\/div>\n<\/div>\n<\/div>\n<\/div>\n<\/div>\n\n\n\n<div class=\"nfd-container nfd-p-md nfd-theme-white nfd-bg-surface is-style-nfd-theme-white wp-block-group is-layout-constrained wp-block-group-is-layout-constrained\">\n<div class=\"nfd-text-md nfd-gap-2xl wp-block-columns nfd-wb-animate nfd-wb-fade-in-bottom is-layout-flex wp-container-core-columns-is-layout-28f84493 wp-block-columns-is-layout-flex\">\n<div class=\"wp-block-column is-vertically-aligned-top is-layout-flow wp-container-core-column-is-layout-369f67fb wp-block-column-is-layout-flow\">\n<h2 class=\"wp-block-heading nfd-text-lg nfd-text-current\">Program<\/h2>\n\n\n\n<div class=\"nfd-text-opacity-80 wp-block-group is-content-justification-left is-layout-constrained wp-container-core-group-is-layout-7526a028 wp-block-group-is-layout-constrained\">\n<p class=\"\"><strong>Luni &#8211; Vineri<br><\/strong>9:00 \u2014 17:00<\/p>\n\n\n\n<p class=\"\"><strong>S\u00e2mb\u0103t\u0103 &#8211; Duminic\u0103<\/strong><br>\u00cenchis<\/p>\n<\/div>\n<\/div>\n\n\n\n<div class=\"wp-block-column is-vertically-aligned-top is-layout-flow wp-container-core-column-is-layout-369f67fb wp-block-column-is-layout-flow\">\n<h2 class=\"wp-block-heading nfd-text-lg nfd-text-current\">Contact<\/h2>\n\n\n\n<div class=\"nfd-text-opacity-80 wp-block-group is-content-justification-left is-layout-constrained wp-container-core-group-is-layout-7526a028 wp-block-group-is-layout-constrained\">\n<p class=\"\"><strong>Email<br><\/strong>contact@asociatiavatra.ro<\/p>\n\n\n\n<p class=\"\">Telefon<br>+40 745 207 769<\/p>\n<\/div>\n<\/div>\n\n\n\n<div class=\"wp-block-column is-vertically-aligned-top is-layout-flow wp-container-core-column-is-layout-369f67fb wp-block-column-is-layout-flow\">\n<h2 class=\"wp-block-heading nfd-text-lg nfd-text-current has-text-align-left\">Social<\/h2>\n\n\n\n<ul class=\"is-style-default wp-block-social-links alignleft has-normal-icon-size has-icon-color has-icon-background-color is-content-justification-space-between is-layout-flex wp-container-core-social-links-is-layout-b2891da8 wp-block-social-links-is-layout-flex\"><li style=\"color:#000000;background-color:#0000000d;\" class=\"wp-social-link wp-social-link-twitter has-secondary-foreground-color wp-block-social-link\"><a href=\"#\" class=\"wp-block-social-link-anchor\"><svg width=\"24\" height=\"24\" viewbox=\"0 0 24 24\" version=\"1.1\" xmlns=\"http:\/\/www.w3.org\/2000\/svg\" aria-hidden=\"true\" focusable=\"false\"><path d=\"M22.23,5.924c-0.736,0.326-1.527,0.547-2.357,0.646c0.847-0.508,1.498-1.312,1.804-2.27 c-0.793,0.47-1.671,0.812-2.606,0.996C18.324,4.498,17.257,4,16.077,4c-2.266,0-4.103,1.837-4.103,4.103 c0,0.322,0.036,0.635,0.106,0.935C8.67,8.867,5.647,7.234,3.623,4.751C3.27,5.357,3.067,6.062,3.067,6.814 c0,1.424,0.724,2.679,1.825,3.415c-0.673-0.021-1.305-0.206-1.859-0.513c0,0.017,0,0.034,0,0.052c0,1.988,1.414,3.647,3.292,4.023 c-0.344,0.094-0.707,0.144-1.081,0.144c-0.264,0-0.521-0.026-0.772-0.074c0.522,1.63,2.038,2.816,3.833,2.85 c-1.404,1.1-3.174,1.756-5.096,1.756c-0.331,0-0.658-0.019-0.979-0.057c1.816,1.164,3.973,1.843,6.29,1.843 c7.547,0,11.675-6.252,11.675-11.675c0-0.178-0.004-0.355-0.012-0.531C20.985,7.47,21.68,6.747,22.23,5.924z\"><\/path><\/svg><span class=\"wp-block-social-link-label screen-reader-text\">Twitter<\/span><\/a><\/li>\n\n<li style=\"color:#000000;background-color:#0000000d;\" class=\"wp-social-link wp-social-link-instagram has-secondary-foreground-color wp-block-social-link\"><a href=\"#\" class=\"wp-block-social-link-anchor\"><svg width=\"24\" height=\"24\" viewbox=\"0 0 24 24\" version=\"1.1\" xmlns=\"http:\/\/www.w3.org\/2000\/svg\" aria-hidden=\"true\" focusable=\"false\"><path d=\"M12,4.622c2.403,0,2.688,0.009,3.637,0.052c0.877,0.04,1.354,0.187,1.671,0.31c0.42,0.163,0.72,0.358,1.035,0.673 c0.315,0.315,0.51,0.615,0.673,1.035c0.123,0.317,0.27,0.794,0.31,1.671c0.043,0.949,0.052,1.234,0.052,3.637 s-0.009,2.688-0.052,3.637c-0.04,0.877-0.187,1.354-0.31,1.671c-0.163,0.42-0.358,0.72-0.673,1.035 c-0.315,0.315-0.615,0.51-1.035,0.673c-0.317,0.123-0.794,0.27-1.671,0.31c-0.949,0.043-1.233,0.052-3.637,0.052 s-2.688-0.009-3.637-0.052c-0.877-0.04-1.354-0.187-1.671-0.31c-0.42-0.163-0.72-0.358-1.035-0.673 c-0.315-0.315-0.51-0.615-0.673-1.035c-0.123-0.317-0.27-0.794-0.31-1.671C4.631,14.688,4.622,14.403,4.622,12 s0.009-2.688,0.052-3.637c0.04-0.877,0.187-1.354,0.31-1.671c0.163-0.42,0.358-0.72,0.673-1.035 c0.315-0.315,0.615-0.51,1.035-0.673c0.317-0.123,0.794-0.27,1.671-0.31C9.312,4.631,9.597,4.622,12,4.622 M12,3 C9.556,3,9.249,3.01,8.289,3.054C7.331,3.098,6.677,3.25,6.105,3.472C5.513,3.702,5.011,4.01,4.511,4.511 c-0.5,0.5-0.808,1.002-1.038,1.594C3.25,6.677,3.098,7.331,3.054,8.289C3.01,9.249,3,9.556,3,12c0,2.444,0.01,2.751,0.054,3.711 c0.044,0.958,0.196,1.612,0.418,2.185c0.23,0.592,0.538,1.094,1.038,1.594c0.5,0.5,1.002,0.808,1.594,1.038 c0.572,0.222,1.227,0.375,2.185,0.418C9.249,20.99,9.556,21,12,21s2.751-0.01,3.711-0.054c0.958-0.044,1.612-0.196,2.185-0.418 c0.592-0.23,1.094-0.538,1.594-1.038c0.5-0.5,0.808-1.002,1.038-1.594c0.222-0.572,0.375-1.227,0.418-2.185 C20.99,14.751,21,14.444,21,12s-0.01-2.751-0.054-3.711c-0.044-0.958-0.196-1.612-0.418-2.185c-0.23-0.592-0.538-1.094-1.038-1.594 c-0.5-0.5-1.002-0.808-1.594-1.038c-0.572-0.222-1.227-0.375-2.185-0.418C14.751,3.01,14.444,3,12,3L12,3z M12,7.378 c-2.552,0-4.622,2.069-4.622,4.622S9.448,16.622,12,16.622s4.622-2.069,4.622-4.622S14.552,7.378,12,7.378z M12,15 c-1.657,0-3-1.343-3-3s1.343-3,3-3s3,1.343,3,3S13.657,15,12,15z M16.804,6.116c-0.596,0-1.08,0.484-1.08,1.08 s0.484,1.08,1.08,1.08c0.596,0,1.08-0.484,1.08-1.08S17.401,6.116,16.804,6.116z\"><\/path><\/svg><span class=\"wp-block-social-link-label screen-reader-text\">Instagram<\/span><\/a><\/li>\n\n<li style=\"color:#000000;background-color:#0000000d;\" class=\"wp-social-link wp-social-link-facebook has-secondary-foreground-color wp-block-social-link\"><a href=\"#\" class=\"wp-block-social-link-anchor\"><svg width=\"24\" height=\"24\" viewbox=\"0 0 24 24\" version=\"1.1\" xmlns=\"http:\/\/www.w3.org\/2000\/svg\" aria-hidden=\"true\" focusable=\"false\"><path d=\"M12 2C6.5 2 2 6.5 2 12c0 5 3.7 9.1 8.4 9.9v-7H7.9V12h2.5V9.8c0-2.5 1.5-3.9 3.8-3.9 1.1 0 2.2.2 2.2.2v2.5h-1.3c-1.2 0-1.6.8-1.6 1.6V12h2.8l-.4 2.9h-2.3v7C18.3 21.1 22 17 22 12c0-5.5-4.5-10-10-10z\"><\/path><\/svg><span class=\"wp-block-social-link-label screen-reader-text\">Facebook<\/span><\/a><\/li><\/ul>\n<\/div>\n<\/div>\n<\/div>","protected":false},"excerpt":{"rendered":"<p>Contacteaz\u0103-ne Hai s\u0103 ne cunoa\u0219tem! Asocia\u021bia Valorizare pentru Transformare VATRA Tel: +40 745 207 769Email: contact@asociatiavatra.ro Program Luni &#8211; Vineri9:00 \u2014 17:00 S\u00e2mb\u0103t\u0103 &#8211; Duminic\u0103\u00cenchis Contact Emailcontact@asociatiavatra.ro Telefon+40 745 207 769 Social<\/p>","protected":false},"author":1,"featured_media":0,"parent":0,"menu_order":0,"comment_status":"closed","ping_status":"closed","template":"no-title","meta":{"nf_dc_page":"contact","om_disable_all_campaigns":false,"_uag_custom_page_level_css":"","_monsterinsights_skip_tracking":false,"_monsterinsights_sitenote_active":false,"_monsterinsights_sitenote_note":"","_monsterinsights_sitenote_category":0,"footnotes":""},"class_list":["post-11","page","type-page","status-publish","hentry"],"yoast_head":"<!-- This site is optimized with the Yoast SEO plugin v27.6 - https:\/\/yoast.com\/product\/yoast-seo-wordpress\/ -->\n<title>- asociatiavatra.ro<\/title>\n<meta name=\"robots\" content=\"index, follow, max-snippet:-1, max-image-preview:large, max-video-preview:-1\" \/>\n<link rel=\"canonical\" href=\"https:\/\/asociatiavatra.ro\/en\/contact\/\" \/>\n<meta property=\"og:locale\" content=\"en_US\" \/>\n<meta property=\"og:type\" content=\"article\" \/>\n<meta property=\"og:title\" content=\"- asociatiavatra.ro\" \/>\n<meta property=\"og:description\" content=\"Contacteaz\u0103-ne Hai s\u0103 ne cunoa\u0219tem! Asocia\u021bia Valorizare pentru Transformare VATRA Tel: +40 745 207 769Email: contact@asociatiavatra.ro Program Luni &#8211; Vineri9:00 \u2014 17:00 S\u00e2mb\u0103t\u0103 &#8211; Duminic\u0103\u00cenchis Contact Emailcontact@asociatiavatra.ro Telefon+40 745 207 769 Social\" \/>\n<meta property=\"og:url\" content=\"https:\/\/asociatiavatra.ro\/en\/contact\/\" \/>\n<meta property=\"og:site_name\" content=\"asociatiavatra.ro\" \/>\n<meta property=\"article:modified_time\" content=\"2025-12-18T10:06:49+00:00\" \/>\n<meta name=\"twitter:card\" content=\"summary_large_image\" \/>\n<meta name=\"twitter:label1\" content=\"Est. reading time\" \/>\n\t<meta name=\"twitter:data1\" content=\"1 minute\" \/>\n<script type=\"application\/ld+json\" class=\"yoast-schema-graph\">{\"@context\":\"https:\\\/\\\/schema.org\",\"@graph\":[{\"@type\":\"WebPage\",\"@id\":\"https:\\\/\\\/asociatiavatra.ro\\\/contact\\\/\",\"url\":\"https:\\\/\\\/asociatiavatra.ro\\\/contact\\\/\",\"name\":\"- asociatiavatra.ro\",\"isPartOf\":{\"@id\":\"https:\\\/\\\/asociatiavatra.ro\\\/#website\"},\"datePublished\":\"2024-12-26T13:40:58+00:00\",\"dateModified\":\"2025-12-18T10:06:49+00:00\",\"inLanguage\":\"en-US\",\"potentialAction\":[{\"@type\":\"ReadAction\",\"target\":[\"https:\\\/\\\/asociatiavatra.ro\\\/contact\\\/\"]}]},{\"@type\":\"WebSite\",\"@id\":\"https:\\\/\\\/asociatiavatra.ro\\\/#website\",\"url\":\"https:\\\/\\\/asociatiavatra.ro\\\/\",\"name\":\"asociatiavatra.ro\",\"description\":\"Valoriz\u0103m trecutul, transform\u0103m viitorul\",\"publisher\":{\"@id\":\"https:\\\/\\\/asociatiavatra.ro\\\/#organization\"},\"potentialAction\":[{\"@type\":\"SearchAction\",\"target\":{\"@type\":\"EntryPoint\",\"urlTemplate\":\"https:\\\/\\\/asociatiavatra.ro\\\/?s={search_term_string}\"},\"query-input\":{\"@type\":\"PropertyValueSpecification\",\"valueRequired\":true,\"valueName\":\"search_term_string\"}}],\"inLanguage\":\"en-US\"},{\"@type\":\"Organization\",\"@id\":\"https:\\\/\\\/asociatiavatra.ro\\\/#organization\",\"name\":\"asociatiavatra.ro\",\"url\":\"https:\\\/\\\/asociatiavatra.ro\\\/\",\"logo\":{\"@type\":\"ImageObject\",\"inLanguage\":\"en-US\",\"@id\":\"https:\\\/\\\/asociatiavatra.ro\\\/#\\\/schema\\\/logo\\\/image\\\/\",\"url\":\"https:\\\/\\\/i0.wp.com\\\/asociatiavatra.ro\\\/wp-content\\\/uploads\\\/2025\\\/12\\\/asociatiavatra_logo.png?fit=512%2C512&ssl=1\",\"contentUrl\":\"https:\\\/\\\/i0.wp.com\\\/asociatiavatra.ro\\\/wp-content\\\/uploads\\\/2025\\\/12\\\/asociatiavatra_logo.png?fit=512%2C512&ssl=1\",\"width\":512,\"height\":512,\"caption\":\"asociatiavatra.ro\"},\"image\":{\"@id\":\"https:\\\/\\\/asociatiavatra.ro\\\/#\\\/schema\\\/logo\\\/image\\\/\"}}]}<\/script>\n<!-- \/ Yoast SEO plugin. -->","yoast_head_json":{"title":"- asociatiavatra.ro","robots":{"index":"index","follow":"follow","max-snippet":"max-snippet:-1","max-image-preview":"max-image-preview:large","max-video-preview":"max-video-preview:-1"},"canonical":"https:\/\/asociatiavatra.ro\/en\/contact\/","og_locale":"en_US","og_type":"article","og_title":"- asociatiavatra.ro","og_description":"Contacteaz\u0103-ne Hai s\u0103 ne cunoa\u0219tem! Asocia\u021bia Valorizare pentru Transformare VATRA Tel: +40 745 207 769Email: contact@asociatiavatra.ro Program Luni &#8211; Vineri9:00 \u2014 17:00 S\u00e2mb\u0103t\u0103 &#8211; Duminic\u0103\u00cenchis Contact Emailcontact@asociatiavatra.ro Telefon+40 745 207 769 Social","og_url":"https:\/\/asociatiavatra.ro\/en\/contact\/","og_site_name":"asociatiavatra.ro","article_modified_time":"2025-12-18T10:06:49+00:00","twitter_card":"summary_large_image","twitter_misc":{"Est. reading time":"1 minute"},"schema":{"@context":"https:\/\/schema.org","@graph":[{"@type":"WebPage","@id":"https:\/\/asociatiavatra.ro\/contact\/","url":"https:\/\/asociatiavatra.ro\/contact\/","name":"- asociatiavatra.ro","isPartOf":{"@id":"https:\/\/asociatiavatra.ro\/#website"},"datePublished":"2024-12-26T13:40:58+00:00","dateModified":"2025-12-18T10:06:49+00:00","inLanguage":"en-US","potentialAction":[{"@type":"ReadAction","target":["https:\/\/asociatiavatra.ro\/contact\/"]}]},{"@type":"WebSite","@id":"https:\/\/asociatiavatra.ro\/#website","url":"https:\/\/asociatiavatra.ro\/","name":"asociatiavatra.ro","description":"We value the past, transform the future","publisher":{"@id":"https:\/\/asociatiavatra.ro\/#organization"},"potentialAction":[{"@type":"SearchAction","target":{"@type":"EntryPoint","urlTemplate":"https:\/\/asociatiavatra.ro\/?s={search_term_string}"},"query-input":{"@type":"PropertyValueSpecification","valueRequired":true,"valueName":"search_term_string"}}],"inLanguage":"en-US"},{"@type":"Organization","@id":"https:\/\/asociatiavatra.ro\/#organization","name":"asociatiavatra.ro","url":"https:\/\/asociatiavatra.ro\/","logo":{"@type":"ImageObject","inLanguage":"en-US","@id":"https:\/\/asociatiavatra.ro\/#\/schema\/logo\/image\/","url":"https:\/\/i0.wp.com\/asociatiavatra.ro\/wp-content\/uploads\/2025\/12\/asociatiavatra_logo.png?fit=512%2C512&ssl=1","contentUrl":"https:\/\/i0.wp.com\/asociatiavatra.ro\/wp-content\/uploads\/2025\/12\/asociatiavatra_logo.png?fit=512%2C512&ssl=1","width":512,"height":512,"caption":"asociatiavatra.ro"},"image":{"@id":"https:\/\/asociatiavatra.ro\/#\/schema\/logo\/image\/"}}]}},"uagb_featured_image_src":{"full":false,"thumbnail":false,"medium":false,"medium_large":false,"large":false,"1536x1536":false,"2048x2048":false,"trp-custom-language-flag":false},"uagb_author_info":{"display_name":"andreea_nicolae","author_link":"https:\/\/asociatiavatra.ro\/en\/author\/andreea_nicolae\/"},"uagb_comment_info":0,"uagb_excerpt":"Contacteaz\u0103-ne Hai s\u0103 ne cunoa\u0219tem! Asocia\u021bia Valorizare pentru Transformare VATRA Tel: +40 745 207 769Email: contact@asociatiavatra.ro Program Luni &#8211; Vineri9:00 \u2014 17:00 S\u00e2mb\u0103t\u0103 &#8211; Duminic\u0103\u00cenchis Contact Emailcontact@asociatiavatra.ro Telefon+40 745 207 769 Social","jetpack_sharing_enabled":true,"_links":{"self":[{"href":"https:\/\/asociatiavatra.ro\/en\/wp-json\/wp\/v2\/pages\/11","targetHints":{"allow":["GET"]}}],"collection":[{"href":"https:\/\/asociatiavatra.ro\/en\/wp-json\/wp\/v2\/pages"}],"about":[{"href":"https:\/\/asociatiavatra.ro\/en\/wp-json\/wp\/v2\/types\/page"}],"author":[{"embeddable":true,"href":"https:\/\/asociatiavatra.ro\/en\/wp-json\/wp\/v2\/users\/1"}],"replies":[{"embeddable":true,"href":"https:\/\/asociatiavatra.ro\/en\/wp-json\/wp\/v2\/comments?post=11"}],"version-history":[{"count":20,"href":"https:\/\/asociatiavatra.ro\/en\/wp-json\/wp\/v2\/pages\/11\/revisions"}],"predecessor-version":[{"id":566,"href":"https:\/\/asociatiavatra.ro\/en\/wp-json\/wp\/v2\/pages\/11\/revisions\/566"}],"wp:attachment":[{"href":"https:\/\/asociatiavatra.ro\/en\/wp-json\/wp\/v2\/media?parent=11"}],"curies":[{"name":"wp","href":"https:\/\/api.w.org\/{rel}","templated":true}]}}