{"id":375,"date":"2025-12-13T08:43:19","date_gmt":"2025-12-13T08:43:19","guid":{"rendered":"https:\/\/asociatiavatra.ro\/?page_id=375"},"modified":"2026-02-18T08:37:53","modified_gmt":"2026-02-18T08:37:53","slug":"doneaza","status":"publish","type":"page","link":"https:\/\/asociatiavatra.ro\/en\/doneaza\/","title":{"rendered":""},"content":{"rendered":"<div class=\"nfd-container nfd-p-lg  nfd-wb-headings__heading-10 is-style-nfd-theme-dark wp-block-group nfd-bg-effect-grid-3 is-content-justification-center is-layout-constrained wp-container-core-group-is-layout-ec0d59fd wp-block-group-is-layout-constrained\">\n<div class=\"nfd-gap-lg wp-block-group is-vertical is-content-justification-center is-layout-flex wp-container-core-group-is-layout-ce155fab wp-block-group-is-layout-flex\">\n<h2 class=\"wp-block-heading nfd-text-huge nfd-text-contrast nfd-text-balance has-text-align-center\">Redirec\u021bioneaz\u0103 3,5% din impozitul pe venit pentru Asocia\u021bia VATRA<\/h2>\n\n\n\n<p class=\"nfd-text-sm nfd-text-secondary has-text-align-center has-primary-color has-text-color has-link-color wp-elements-b1b7b5505ec7f848a828324ff37c031d\" style=\"font-style:normal;font-weight:500;letter-spacing:0.05em;text-transform:uppercase\">Sprijinul vostru este important pentru comunitatea VATRA<\/p>\n<\/div>\n<\/div>\n\n\n\n<div class=\"nfd-container nfd-p-md nfd-wb-features__features-3 is-style-nfd-waves-top-right wp-block-group is-layout-constrained wp-block-group-is-layout-constrained\">\n<div class=\"nfd-text-base nfd-gap-xl wp-block-columns is-layout-flex wp-container-core-columns-is-layout-28f84493 wp-block-columns-is-layout-flex\">\n<div class=\"wp-block-column is-layout-flow wp-block-column-is-layout-flow\">\n<div class=\"nfd-shadow-xs nfd-p-card-square nfd-rounded nfd-gap-md is-style-nfd-theme-white wp-block-group has-base-background-color has-background nfd-bg-effect-grid-3 is-vertical is-content-justification-center is-layout-flex wp-container-core-group-is-layout-187db9a2 wp-block-group-is-layout-flex\" style=\"border-width:1px;padding-top:var(--wp--preset--spacing--30);padding-right:var(--wp--preset--spacing--10);padding-bottom:var(--wp--preset--spacing--30);padding-left:var(--wp--preset--spacing--10)\">\n<div class=\"wp-block-group is-vertical is-content-justification-center is-layout-flex wp-container-core-group-is-layout-e6371ee9 wp-block-group-is-layout-flex\" style=\"padding-right:0;padding-left:0\">\n<p class=\"nfd-text-xl nfd-text-primary nfd-text-balance has-text-align-center\" style=\"font-style:normal;font-weight:300;letter-spacing:2px\">\ud83d\udce5 <\/p>\n\n\n\n<p class=\"nfd-text-xl nfd-text-primary nfd-text-balance\" style=\"font-style:normal;font-weight:300;letter-spacing:2px\">Pasul 1<\/p>\n\n\n\n<h3 class=\"nfd-text-md nfd-text-contrast wp-block-heading has-text-align-center has-header-background-color has-text-color has-link-color has-medium-font-size wp-elements-25a2d5d477da83c04eaeb2f3c4eaad24\" style=\"font-style:normal;font-weight:500\">DESCARC\u0102 FORMULARUL 230<\/h3>\n\n\n\n<p class=\"nfd-text-balance nfd-text-faded  has-text-align-center has-header-background-color has-text-color has-link-color has-normal-font-size wp-elements-e3e9de88a737eee6e19c1ca92f75664c\">Pentru venituri din salariu sau asimilate salariilor<\/p>\n\n\n\n<div class=\"wp-block-buttons is-layout-flex wp-block-buttons-is-layout-flex\">\n<div class=\"is-style-fill wp-block-button\"><a class=\"wp-block-button__link wp-element-button\" href=\"https:\/\/asociatiavatra.ro\/wp-content\/uploads\/2026\/02\/D230-ASCOCIATIAVATRA_2025.pdf\" target=\"_blank\" rel=\"noreferrer noopener\">Descarc\u0103<\/a><\/div>\n<\/div>\n<\/div>\n<\/div>\n<\/div>\n\n\n\n<div class=\"wp-block-column is-layout-flow wp-block-column-is-layout-flow\">\n<div class=\"nfd-shadow-xs nfd-p-card-square nfd-rounded nfd-gap-md is-style-nfd-theme-white wp-block-group has-base-background-color has-background nfd-bg-effect-grid-3 is-vertical is-content-justification-center is-layout-flex wp-container-core-group-is-layout-187db9a2 wp-block-group-is-layout-flex\" style=\"border-width:1px;padding-top:var(--wp--preset--spacing--30);padding-right:var(--wp--preset--spacing--10);padding-bottom:var(--wp--preset--spacing--30);padding-left:var(--wp--preset--spacing--10)\">\n<div class=\"wp-block-group is-vertical is-content-justification-center is-layout-flex wp-container-core-group-is-layout-e6371ee9 wp-block-group-is-layout-flex\" style=\"padding-right:0;padding-left:0\">\n<p class=\"nfd-text-xl nfd-text-primary nfd-text-balance has-text-align-center\" style=\"font-style:normal;font-weight:300;letter-spacing:2px\">\u270d\ufe0f <\/p>\n\n\n\n<p class=\"nfd-text-xl nfd-text-primary nfd-text-balance\" style=\"font-style:normal;font-weight:300;letter-spacing:2px\">Pasul 2<\/p>\n\n\n\n<h3 class=\"nfd-text-md nfd-text-contrast wp-block-heading has-text-align-center has-header-background-color has-text-color has-link-color has-medium-font-size wp-elements-e7c393d88d0d79f97106f78d5398abef\" style=\"font-style:normal;font-weight:500\">COMPLETEAZA FORMULARUL<\/h3>\n\n\n\n<p class=\"nfd-text-balance nfd-text-faded  has-text-align-center has-header-background-color has-text-color has-link-color has-normal-font-size wp-elements-913d108a1c0ab7ad69f11b61ee7f26f8\">Toate instruc\u021biunile de completare le g\u0103se\u0219ti \u00een formularul desc\u0103rcat<\/p>\n\n\n\n<div class=\"wp-block-buttons is-layout-flex wp-block-buttons-is-layout-flex\">\n<div class=\"is-style-fill wp-block-button\"><a class=\"wp-block-button__link has-base-background-color has-background wp-element-button\" rel=\"\">Descarc\u0103<\/a><\/div>\n<\/div>\n<\/div>\n<\/div>\n<\/div>\n\n\n\n<div class=\"wp-block-column is-layout-flow wp-block-column-is-layout-flow\">\n<div class=\"nfd-shadow-xs nfd-p-card-square nfd-rounded nfd-gap-md is-style-nfd-theme-white wp-block-group has-base-background-color has-background nfd-bg-effect-grid-3 is-vertical is-content-justification-center is-layout-flex wp-container-core-group-is-layout-187db9a2 wp-block-group-is-layout-flex\" style=\"border-width:1px;padding-top:var(--wp--preset--spacing--30);padding-right:var(--wp--preset--spacing--10);padding-bottom:var(--wp--preset--spacing--30);padding-left:var(--wp--preset--spacing--10)\">\n<div class=\"wp-block-group is-vertical is-content-justification-center is-layout-flex wp-container-core-group-is-layout-e6371ee9 wp-block-group-is-layout-flex\" style=\"padding-right:0;padding-left:0\">\n<p class=\"nfd-text-xl nfd-text-primary nfd-text-balance has-text-align-center\" style=\"font-style:normal;font-weight:300;letter-spacing:2px\">\ud83d\udce8 <\/p>\n\n\n\n<p class=\"nfd-text-xl nfd-text-primary nfd-text-balance\" style=\"font-style:normal;font-weight:300;letter-spacing:2px\">Pasul 3<\/p>\n\n\n\n<h3 class=\"nfd-text-md nfd-text-contrast wp-block-heading has-text-align-center has-header-background-color has-text-color has-link-color has-medium-font-size wp-elements-7935e69a501f6f5fa58b5503cbf41754\" style=\"font-style:normal;font-weight:500\">TRIMITE FORMULARUL LA ANAF<\/h3>\n\n\n\n<p class=\"nfd-text-balance nfd-text-faded  has-text-align-center has-header-background-color has-text-color has-link-color has-normal-font-size wp-elements-4069c6a9cc2825c01bedb39fa8d971a9\">Trimite formularul prin po\u0219t\u0103 la ANAF p\u00e2n\u0103 la data de 25 mai 2026<\/p>\n\n\n\n<div class=\"wp-block-buttons is-layout-flex wp-block-buttons-is-layout-flex\">\n<div class=\"is-style-fill wp-block-button\"><a class=\"wp-block-button__link wp-element-button\" href=\"https:\/\/static.anaf.ro\/static\/10\/Anaf\/AsistentaContribuabili_r\/telefoane_judete\/Regiuni.htm\" target=\"_blank\" rel=\"noreferrer noopener\">Info ANAF<\/a><\/div>\n<\/div>\n<\/div>\n<\/div>\n<\/div>\n<\/div>\n<\/div>\n\n\n\n<div class=\"nfd-container nfd-p-lg nfd-wb-call-to-action__cta-11 is-style-nfd-waves-bottom-right wp-block-group is-layout-constrained wp-container-core-group-is-layout-86dba5ee wp-block-group-is-layout-constrained\" style=\"padding-top:var(--wp--preset--spacing--10);padding-right:var(--wp--preset--spacing--10);padding-bottom:var(--wp--preset--spacing--10);padding-left:var(--wp--preset--spacing--10)\">\n<div class=\"nfd-gap-2xl wp-block-group is-layout-constrained wp-container-core-group-is-layout-b13d32f8 wp-block-group-is-layout-constrained\" style=\"padding-right:var(--wp--preset--spacing--10);padding-left:var(--wp--preset--spacing--10)\">\n<div class=\"nfd-gap-lg wp-block-group is-vertical is-content-justification-center is-layout-flex wp-container-core-group-is-layout-eb57f6b8 wp-block-group-is-layout-flex\" style=\"margin-top:0;margin-bottom:0;padding-top:0;padding-bottom:0\">\n<h2 class=\"nfd-text-xl nfd-text-contrast nfd-text-balance wp-block-heading has-text-align-center has-header-background-color has-text-color has-link-color has-medium-font-size wp-elements-aa85b52903ce6b6a4c4b830fe9fe67f6 wp-container-content-9cfa9a5a\">Dac\u0103 ai venituri din alte surse (de drepturi de proprietate proprietate intelectual\u0103, dividende, chirii, etc.) vei completa declara\u021bia unic\u0103 (<em><strong>212<\/strong><\/em>).<\/h2>\n<\/div>\n\n\n\n<div class=\"md:nfd-items-start nfd-gap-md wp-block-group is-vertical is-content-justification-center is-layout-flex wp-container-core-group-is-layout-4603b4f2 wp-block-group-is-layout-flex\" style=\"margin-top:0;margin-bottom:0;padding-top:0\">\n<div class=\"nfd-text-md wp-block-buttons is-content-justification-left is-layout-flex wp-container-core-buttons-is-layout-baa78d40 wp-block-buttons-is-layout-flex\" style=\"margin-top:0;margin-bottom:0;padding-top:var(--wp--preset--spacing--30);padding-bottom:var(--wp--preset--spacing--30)\">\n<div class=\"nfd-btn-wide wp-block-button\"><a class=\"wp-block-button__link wp-element-button\" href=\"https:\/\/static.anaf.ro\/static\/10\/Anaf\/Declaratii_R\/declaratie_unica.html\" target=\"_blank\" rel=\"noreferrer noopener\">Descarca declaratia unic\u0103 212<\/a><\/div>\n<\/div>\n<\/div>\n<\/div>\n<\/div>\n\n\n\n<div class=\"nfd-container nfd-p-md nfd-wb-pricing-table__pricing-table-2 wp-block-group is-layout-constrained wp-block-group-is-layout-constrained\">\n<div class=\"wp-block-columns are-vertically-aligned-center is-layout-flex wp-container-core-columns-is-layout-28f84493 wp-block-columns-is-layout-flex\">\n<div class=\"wp-block-column is-vertically-aligned-center is-layout-flow wp-block-column-is-layout-flow\">\n<div class=\"nfd-p-xs nfd-rounded is-style-nfd-theme-white wp-block-group is-layout-constrained wp-block-group-is-layout-constrained\">\n<div class=\"nfd-gap-md nfd-p-card-md nfd-rounded-sm wp-block-group is-vertical is-content-justification-center is-layout-flex wp-container-core-group-is-layout-ce155fab wp-block-group-is-layout-flex\" style=\"border-width:2px\">\n<div class=\"nfd-gap-xs wp-block-group is-vertical is-content-justification-stretch is-layout-flex wp-container-core-group-is-layout-353c4f5a wp-block-group-is-layout-flex\">\n<h3 class=\"nfd-text-lg nfd-text-current wp-block-heading has-text-align-center has-x-large-font-size\" style=\"border-top-left-radius:0px;border-top-right-radius:0px;border-bottom-left-radius:0px;border-bottom-right-radius:0px\">Doneaz\u0103 prin transfer bancar:<\/h3>\n\n\n\n<p class=\"\"><\/p>\n\n\n\n<p class=\"nfd-text-sm nfd-text-faded has-text-align-center has-small-font-size\" style=\"text-transform:uppercase\">Denumirea entit\u0103\u0163ii non-profit: <strong>Asocia\u021bia Valorizare pentru Transformare VATRA<\/strong><\/p>\n<\/div>\n\n\n\n<div class=\"nfd-text-base nfd-text-faded nfd-text-balance wp-block-group has-normal-font-size is-vertical is-content-justification-center is-layout-flex wp-container-core-group-is-layout-ce155fab wp-block-group-is-layout-flex\">\n<p class=\"has-text-align-center\">IBAN: <strong>RO90BRDE426SV33494154260<\/strong><br>Banca: <strong>BRD \u2013 GROUPE SOCIETE GENERALE SA<\/strong><br>SWIFT Code: <strong>BRDEROBUXXX<\/strong><br>Beneficiar: <strong>Asocia\u021bia Valorizare pentru Transformare VATRA<\/strong><\/p>\n<\/div>\n\n\n\n<div style=\"height:0px\" aria-hidden=\"true\" class=\"wp-block-spacer wp-container-content-9760934e\"><\/div>\n<\/div>\n<\/div>\n<\/div>\n<\/div>\n<\/div>","protected":false},"excerpt":{"rendered":"<p>Redirec\u021bioneaz\u0103 3,5% din impozitul pe venit pentru Asocia\u021bia VATRA Sprijinul vostru este important pentru comunitatea VATRA \ud83d\udce5 Pasul 1 DESCARC\u0102 FORMULARUL 230 Pentru venituri din salariu sau asimilate salariilor \u270d\ufe0f Pasul 2 COMPLETEAZA FORMULARUL Toate instruc\u021biunile de completare le g\u0103se\u0219ti \u00een formularul desc\u0103rcat \ud83d\udce8 Pasul 3 TRIMITE FORMULARUL LA ANAF Trimite formularul prin po\u0219t\u0103 la [&hellip;]<\/p>\n","protected":false},"author":1,"featured_media":0,"parent":0,"menu_order":0,"comment_status":"closed","ping_status":"closed","template":"no-title","meta":{"nf_dc_page":"","om_disable_all_campaigns":false,"_uag_custom_page_level_css":"","_monsterinsights_skip_tracking":false,"_monsterinsights_sitenote_active":false,"_monsterinsights_sitenote_note":"","_monsterinsights_sitenote_category":0,"footnotes":""},"class_list":["post-375","page","type-page","status-publish","hentry"],"yoast_head":"<!-- This site is optimized with the Yoast SEO plugin v27.6 - https:\/\/yoast.com\/product\/yoast-seo-wordpress\/ -->\n<title>- asociatiavatra.ro<\/title>\n<meta name=\"robots\" content=\"index, follow, max-snippet:-1, max-image-preview:large, max-video-preview:-1\" \/>\n<link rel=\"canonical\" href=\"https:\/\/asociatiavatra.ro\/en\/doneaza\/\" \/>\n<meta property=\"og:locale\" content=\"en_US\" \/>\n<meta property=\"og:type\" content=\"article\" \/>\n<meta property=\"og:title\" content=\"- asociatiavatra.ro\" \/>\n<meta property=\"og:description\" content=\"Redirec\u021bioneaz\u0103 3,5% din impozitul pe venit pentru Asocia\u021bia VATRA Sprijinul vostru este important pentru comunitatea VATRA \ud83d\udce5 Pasul 1 DESCARC\u0102 FORMULARUL 230 Pentru venituri din salariu sau asimilate salariilor \u270d\ufe0f Pasul 2 COMPLETEAZA FORMULARUL Toate instruc\u021biunile de completare le g\u0103se\u0219ti \u00een formularul desc\u0103rcat \ud83d\udce8 Pasul 3 TRIMITE FORMULARUL LA ANAF Trimite formularul prin po\u0219t\u0103 la [&hellip;]\" \/>\n<meta property=\"og:url\" content=\"https:\/\/asociatiavatra.ro\/en\/doneaza\/\" \/>\n<meta property=\"og:site_name\" content=\"asociatiavatra.ro\" \/>\n<meta property=\"article:modified_time\" content=\"2026-02-18T08:37:53+00:00\" \/>\n<meta name=\"twitter:card\" content=\"summary_large_image\" \/>\n<meta name=\"twitter:label1\" content=\"Est. reading time\" \/>\n\t<meta name=\"twitter:data1\" content=\"1 minute\" \/>\n<script type=\"application\/ld+json\" class=\"yoast-schema-graph\">{\"@context\":\"https:\\\/\\\/schema.org\",\"@graph\":[{\"@type\":\"WebPage\",\"@id\":\"https:\\\/\\\/asociatiavatra.ro\\\/doneaza\\\/\",\"url\":\"https:\\\/\\\/asociatiavatra.ro\\\/doneaza\\\/\",\"name\":\"- asociatiavatra.ro\",\"isPartOf\":{\"@id\":\"https:\\\/\\\/asociatiavatra.ro\\\/#website\"},\"datePublished\":\"2025-12-13T08:43:19+00:00\",\"dateModified\":\"2026-02-18T08:37:53+00:00\",\"inLanguage\":\"en-US\",\"potentialAction\":[{\"@type\":\"ReadAction\",\"target\":[\"https:\\\/\\\/asociatiavatra.ro\\\/doneaza\\\/\"]}]},{\"@type\":\"WebSite\",\"@id\":\"https:\\\/\\\/asociatiavatra.ro\\\/#website\",\"url\":\"https:\\\/\\\/asociatiavatra.ro\\\/\",\"name\":\"asociatiavatra.ro\",\"description\":\"Valoriz\u0103m trecutul, transform\u0103m viitorul\",\"publisher\":{\"@id\":\"https:\\\/\\\/asociatiavatra.ro\\\/#organization\"},\"potentialAction\":[{\"@type\":\"SearchAction\",\"target\":{\"@type\":\"EntryPoint\",\"urlTemplate\":\"https:\\\/\\\/asociatiavatra.ro\\\/?s={search_term_string}\"},\"query-input\":{\"@type\":\"PropertyValueSpecification\",\"valueRequired\":true,\"valueName\":\"search_term_string\"}}],\"inLanguage\":\"en-US\"},{\"@type\":\"Organization\",\"@id\":\"https:\\\/\\\/asociatiavatra.ro\\\/#organization\",\"name\":\"asociatiavatra.ro\",\"url\":\"https:\\\/\\\/asociatiavatra.ro\\\/\",\"logo\":{\"@type\":\"ImageObject\",\"inLanguage\":\"en-US\",\"@id\":\"https:\\\/\\\/asociatiavatra.ro\\\/#\\\/schema\\\/logo\\\/image\\\/\",\"url\":\"https:\\\/\\\/i0.wp.com\\\/asociatiavatra.ro\\\/wp-content\\\/uploads\\\/2025\\\/12\\\/asociatiavatra_logo.png?fit=512%2C512&ssl=1\",\"contentUrl\":\"https:\\\/\\\/i0.wp.com\\\/asociatiavatra.ro\\\/wp-content\\\/uploads\\\/2025\\\/12\\\/asociatiavatra_logo.png?fit=512%2C512&ssl=1\",\"width\":512,\"height\":512,\"caption\":\"asociatiavatra.ro\"},\"image\":{\"@id\":\"https:\\\/\\\/asociatiavatra.ro\\\/#\\\/schema\\\/logo\\\/image\\\/\"}}]}<\/script>\n<!-- \/ Yoast SEO plugin. -->","yoast_head_json":{"title":"- asociatiavatra.ro","robots":{"index":"index","follow":"follow","max-snippet":"max-snippet:-1","max-image-preview":"max-image-preview:large","max-video-preview":"max-video-preview:-1"},"canonical":"https:\/\/asociatiavatra.ro\/en\/doneaza\/","og_locale":"en_US","og_type":"article","og_title":"- asociatiavatra.ro","og_description":"Redirec\u021bioneaz\u0103 3,5% din impozitul pe venit pentru Asocia\u021bia VATRA Sprijinul vostru este important pentru comunitatea VATRA \ud83d\udce5 Pasul 1 DESCARC\u0102 FORMULARUL 230 Pentru venituri din salariu sau asimilate salariilor \u270d\ufe0f Pasul 2 COMPLETEAZA FORMULARUL Toate instruc\u021biunile de completare le g\u0103se\u0219ti \u00een formularul desc\u0103rcat \ud83d\udce8 Pasul 3 TRIMITE FORMULARUL LA ANAF Trimite formularul prin po\u0219t\u0103 la [&hellip;]","og_url":"https:\/\/asociatiavatra.ro\/en\/doneaza\/","og_site_name":"asociatiavatra.ro","article_modified_time":"2026-02-18T08:37:53+00:00","twitter_card":"summary_large_image","twitter_misc":{"Est. reading time":"1 minute"},"schema":{"@context":"https:\/\/schema.org","@graph":[{"@type":"WebPage","@id":"https:\/\/asociatiavatra.ro\/doneaza\/","url":"https:\/\/asociatiavatra.ro\/doneaza\/","name":"- asociatiavatra.ro","isPartOf":{"@id":"https:\/\/asociatiavatra.ro\/#website"},"datePublished":"2025-12-13T08:43:19+00:00","dateModified":"2026-02-18T08:37:53+00:00","inLanguage":"en-US","potentialAction":[{"@type":"ReadAction","target":["https:\/\/asociatiavatra.ro\/doneaza\/"]}]},{"@type":"WebSite","@id":"https:\/\/asociatiavatra.ro\/#website","url":"https:\/\/asociatiavatra.ro\/","name":"asociatiavatra.ro","description":"We value the past, transform the future","publisher":{"@id":"https:\/\/asociatiavatra.ro\/#organization"},"potentialAction":[{"@type":"SearchAction","target":{"@type":"EntryPoint","urlTemplate":"https:\/\/asociatiavatra.ro\/?s={search_term_string}"},"query-input":{"@type":"PropertyValueSpecification","valueRequired":true,"valueName":"search_term_string"}}],"inLanguage":"en-US"},{"@type":"Organization","@id":"https:\/\/asociatiavatra.ro\/#organization","name":"asociatiavatra.ro","url":"https:\/\/asociatiavatra.ro\/","logo":{"@type":"ImageObject","inLanguage":"en-US","@id":"https:\/\/asociatiavatra.ro\/#\/schema\/logo\/image\/","url":"https:\/\/i0.wp.com\/asociatiavatra.ro\/wp-content\/uploads\/2025\/12\/asociatiavatra_logo.png?fit=512%2C512&ssl=1","contentUrl":"https:\/\/i0.wp.com\/asociatiavatra.ro\/wp-content\/uploads\/2025\/12\/asociatiavatra_logo.png?fit=512%2C512&ssl=1","width":512,"height":512,"caption":"asociatiavatra.ro"},"image":{"@id":"https:\/\/asociatiavatra.ro\/#\/schema\/logo\/image\/"}}]}},"uagb_featured_image_src":{"full":false,"thumbnail":false,"medium":false,"medium_large":false,"large":false,"1536x1536":false,"2048x2048":false,"trp-custom-language-flag":false},"uagb_author_info":{"display_name":"andreea_nicolae","author_link":"https:\/\/asociatiavatra.ro\/en\/author\/andreea_nicolae\/"},"uagb_comment_info":0,"uagb_excerpt":"Redirec\u021bioneaz\u0103 3,5% din impozitul pe venit pentru Asocia\u021bia VATRA Sprijinul vostru este important pentru comunitatea VATRA \ud83d\udce5 Pasul 1 DESCARC\u0102 FORMULARUL 230 Pentru venituri din salariu sau asimilate salariilor \u270d\ufe0f Pasul 2 COMPLETEAZA FORMULARUL Toate instruc\u021biunile de completare le g\u0103se\u0219ti \u00een formularul desc\u0103rcat \ud83d\udce8 Pasul 3 TRIMITE FORMULARUL LA ANAF Trimite formularul prin po\u0219t\u0103 la&hellip;","jetpack_sharing_enabled":true,"_links":{"self":[{"href":"https:\/\/asociatiavatra.ro\/en\/wp-json\/wp\/v2\/pages\/375","targetHints":{"allow":["GET"]}}],"collection":[{"href":"https:\/\/asociatiavatra.ro\/en\/wp-json\/wp\/v2\/pages"}],"about":[{"href":"https:\/\/asociatiavatra.ro\/en\/wp-json\/wp\/v2\/types\/page"}],"author":[{"embeddable":true,"href":"https:\/\/asociatiavatra.ro\/en\/wp-json\/wp\/v2\/users\/1"}],"replies":[{"embeddable":true,"href":"https:\/\/asociatiavatra.ro\/en\/wp-json\/wp\/v2\/comments?post=375"}],"version-history":[{"count":12,"href":"https:\/\/asociatiavatra.ro\/en\/wp-json\/wp\/v2\/pages\/375\/revisions"}],"predecessor-version":[{"id":844,"href":"https:\/\/asociatiavatra.ro\/en\/wp-json\/wp\/v2\/pages\/375\/revisions\/844"}],"wp:attachment":[{"href":"https:\/\/asociatiavatra.ro\/en\/wp-json\/wp\/v2\/media?parent=375"}],"curies":[{"name":"wp","href":"https:\/\/api.w.org\/{rel}","templated":true}]}}