{"id":56,"date":"2025-12-04T16:21:43","date_gmt":"2025-12-04T16:21:43","guid":{"rendered":"https:\/\/asociatiavatra.ro\/?page_id=56"},"modified":"2025-12-17T16:09:22","modified_gmt":"2025-12-17T16:09:22","slug":"noutati-impact-in-comunitate","status":"publish","type":"page","link":"https:\/\/asociatiavatra.ro\/en\/noutati-impact-in-comunitate\/","title":{"rendered":""},"content":{"rendered":"<div class=\"nfd-container nfd-wb-call-to-action__cta-1 wp-block-group is-layout-constrained wp-block-group-is-layout-constrained\">\n<div class=\"wp-block-columns is-layout-flex wp-container-core-columns-is-layout-28232c24 wp-block-columns-is-layout-flex\">\n<div class=\"wp-block-column is-vertically-aligned-stretch is-layout-flow wp-block-column-is-layout-flow\">\n<div class=\"wp-block-group is-vertical is-content-justification-stretch is-layout-flex wp-container-core-group-is-layout-401b7a8a wp-block-group-is-layout-flex\" style=\"min-height:100%\">\n<div class=\"wp-block-cover wp-container-content-9cfa9a5a\"><img data-recalc-dims=\"1\" loading=\"lazy\" decoding=\"async\" width=\"1024\" height=\"771\" class=\"wp-block-cover__image-background wp-image-286 size-large\" alt=\"\" src=\"https:\/\/i0.wp.com\/asociatiavatra.ro\/wp-content\/uploads\/2025\/12\/WhatsApp-Image-2025-12-11-at-23.27.39.jpeg?resize=1024%2C771&#038;ssl=1\" data-object-fit=\"cover\" srcset=\"https:\/\/i0.wp.com\/asociatiavatra.ro\/wp-content\/uploads\/2025\/12\/WhatsApp-Image-2025-12-11-at-23.27.39.jpeg?resize=1024%2C771&amp;ssl=1 1024w, https:\/\/i0.wp.com\/asociatiavatra.ro\/wp-content\/uploads\/2025\/12\/WhatsApp-Image-2025-12-11-at-23.27.39.jpeg?resize=300%2C226&amp;ssl=1 300w, https:\/\/i0.wp.com\/asociatiavatra.ro\/wp-content\/uploads\/2025\/12\/WhatsApp-Image-2025-12-11-at-23.27.39.jpeg?resize=768%2C578&amp;ssl=1 768w, https:\/\/i0.wp.com\/asociatiavatra.ro\/wp-content\/uploads\/2025\/12\/WhatsApp-Image-2025-12-11-at-23.27.39.jpeg?w=1232&amp;ssl=1 1232w\" sizes=\"auto, (max-width: 1000px) 100vw, 1000px\" \/><span aria-hidden=\"true\" class=\"wp-block-cover__background has-background-dim-0 has-background-dim\" style=\"background-color:#665540\"><\/span><div class=\"wp-block-cover__inner-container is-layout-constrained wp-block-cover-is-layout-constrained\">\n<p class=\"has-text-align-center has-large-font-size\"><\/p>\n<\/div><\/div>\n<\/div>\n<\/div>\n\n\n\n<div class=\"wp-block-column is-vertically-aligned-stretch is-layout-flow wp-block-column-is-layout-flow\">\n<div class=\"nfd-gap-md nfd-p-card-square-lg is-style-nfd-theme-darker wp-block-group nfd-bg-effect-grid-3 is-vertical is-layout-flex wp-container-core-group-is-layout-d6b9ab57 wp-block-group-is-layout-flex\" style=\"min-height:100%\">\n<div class=\"wp-block-group is-vertical is-content-justification-center is-layout-flex wp-container-core-group-is-layout-ce155fab wp-block-group-is-layout-flex\">\n<h2 class=\"nfd-text-xl nfd-text-contrast nfd-text-balance wp-block-heading has-text-align-center\"><strong>NOUT\u0102\u021aI <\/strong><\/h2>\n\n\n\n<p class=\"nfd-text-faded nfd-text-base nfd-text-balance has-text-align-center\">Aici va prinde via\u021b\u0103 panoul nostru de pove\u0219ti \u2013 un spa\u021biu unde adun\u0103m proiecte, reu\u0219ite, oameni \u0219i \u00eent\u00e2mpl\u0103ri care ne-au mi\u0219cat \u0219i au mi\u0219cat comunitatea.<\/p>\n\n\n\n<p class=\"has-text-align-center\">Deocamdat\u0103, pagina \u00ee\u0219i preg\u0103te\u0219te respira\u021bia, \u00ee\u0219i \u00eentinde luminile \u0219i a\u0219teapt\u0103 primele semne ale pa\u0219ilor no\u0219tri.<\/p>\n\n\n\n<p class=\"has-text-align-center\">Cur\u00e2nd, aici vei g\u0103si:<br>\u2022 interven\u021bii culturale \u0219i educa\u021bionale,<br>\u2022 \u00eent\u00e2lniri care au atins vie\u021bi,<br>\u2022 ac\u021biuni care au schimbat tonul unei zile,<br>\u2022 fotografii cu oameni \u0219i momente ce merit\u0103 \u021binute aproape,<br>\u2022 \u0219i tot ce creeaz\u0103 ecou \u00een jurul VATRA.<\/p>\n\n\n\n<p class=\"has-text-align-center\">P\u00e2n\u0103 se construie\u0219te pe deplin, te invit\u0103m s\u0103 revii ca  \u00eentr-un atelier \u00een care \u00eenc\u0103 miroase a lemn proasp\u0103t \u0219i idei noi.<\/p>\n<\/div>\n\n\n\n<p class=\"nfd-text-faded nfd-text-base nfd-text-balance\"><\/p>\n<\/div>\n<\/div>\n<\/div>\n<\/div>","protected":false},"excerpt":{"rendered":"<p>NOUT\u0102\u021aI Aici va prinde via\u021b\u0103 panoul nostru de pove\u0219ti \u2013 un spa\u021biu unde adun\u0103m proiecte, reu\u0219ite, oameni \u0219i \u00eent\u00e2mpl\u0103ri care ne-au mi\u0219cat \u0219i au mi\u0219cat comunitatea. Deocamdat\u0103, pagina \u00ee\u0219i preg\u0103te\u0219te respira\u021bia, \u00ee\u0219i \u00eentinde luminile \u0219i a\u0219teapt\u0103 primele semne ale pa\u0219ilor no\u0219tri. Cur\u00e2nd, aici vei g\u0103si:\u2022 interven\u021bii culturale \u0219i educa\u021bionale,\u2022 \u00eent\u00e2lniri care au atins vie\u021bi,\u2022 ac\u021biuni [&hellip;]<\/p>\n","protected":false},"author":1,"featured_media":0,"parent":0,"menu_order":0,"comment_status":"closed","ping_status":"closed","template":"","meta":{"nf_dc_page":"","om_disable_all_campaigns":false,"_uag_custom_page_level_css":"","_monsterinsights_skip_tracking":false,"_monsterinsights_sitenote_active":false,"_monsterinsights_sitenote_note":"","_monsterinsights_sitenote_category":0,"footnotes":""},"class_list":["post-56","page","type-page","status-publish","hentry"],"yoast_head":"<!-- This site is optimized with the Yoast SEO plugin v27.6 - https:\/\/yoast.com\/product\/yoast-seo-wordpress\/ -->\n<title>- asociatiavatra.ro<\/title>\n<meta name=\"robots\" content=\"index, follow, max-snippet:-1, max-image-preview:large, max-video-preview:-1\" \/>\n<link rel=\"canonical\" href=\"https:\/\/asociatiavatra.ro\/en\/noutati-impact-in-comunitate\/\" \/>\n<meta property=\"og:locale\" content=\"en_US\" \/>\n<meta property=\"og:type\" content=\"article\" \/>\n<meta property=\"og:title\" content=\"- asociatiavatra.ro\" \/>\n<meta property=\"og:description\" content=\"NOUT\u0102\u021aI Aici va prinde via\u021b\u0103 panoul nostru de pove\u0219ti \u2013 un spa\u021biu unde adun\u0103m proiecte, reu\u0219ite, oameni \u0219i \u00eent\u00e2mpl\u0103ri care ne-au mi\u0219cat \u0219i au mi\u0219cat comunitatea. Deocamdat\u0103, pagina \u00ee\u0219i preg\u0103te\u0219te respira\u021bia, \u00ee\u0219i \u00eentinde luminile \u0219i a\u0219teapt\u0103 primele semne ale pa\u0219ilor no\u0219tri. Cur\u00e2nd, aici vei g\u0103si:\u2022 interven\u021bii culturale \u0219i educa\u021bionale,\u2022 \u00eent\u00e2lniri care au atins vie\u021bi,\u2022 ac\u021biuni [&hellip;]\" \/>\n<meta property=\"og:url\" content=\"https:\/\/asociatiavatra.ro\/en\/noutati-impact-in-comunitate\/\" \/>\n<meta property=\"og:site_name\" content=\"asociatiavatra.ro\" \/>\n<meta property=\"article:modified_time\" content=\"2025-12-17T16:09:22+00:00\" \/>\n<meta property=\"og:image\" content=\"https:\/\/asociatiavatra.ro\/wp-content\/uploads\/2025\/12\/WhatsApp-Image-2025-12-11-at-23.27.39-1024x771.jpeg\" \/>\n<meta name=\"twitter:card\" content=\"summary_large_image\" \/>\n<meta name=\"twitter:label1\" content=\"Est. reading time\" \/>\n\t<meta name=\"twitter:data1\" content=\"1 minute\" \/>\n<script type=\"application\/ld+json\" class=\"yoast-schema-graph\">{\"@context\":\"https:\\\/\\\/schema.org\",\"@graph\":[{\"@type\":\"WebPage\",\"@id\":\"https:\\\/\\\/asociatiavatra.ro\\\/noutati-impact-in-comunitate\\\/\",\"url\":\"https:\\\/\\\/asociatiavatra.ro\\\/noutati-impact-in-comunitate\\\/\",\"name\":\"- asociatiavatra.ro\",\"isPartOf\":{\"@id\":\"https:\\\/\\\/asociatiavatra.ro\\\/#website\"},\"primaryImageOfPage\":{\"@id\":\"https:\\\/\\\/asociatiavatra.ro\\\/noutati-impact-in-comunitate\\\/#primaryimage\"},\"image\":{\"@id\":\"https:\\\/\\\/asociatiavatra.ro\\\/noutati-impact-in-comunitate\\\/#primaryimage\"},\"thumbnailUrl\":\"https:\\\/\\\/asociatiavatra.ro\\\/wp-content\\\/uploads\\\/2025\\\/12\\\/WhatsApp-Image-2025-12-11-at-23.27.39-1024x771.jpeg\",\"datePublished\":\"2025-12-04T16:21:43+00:00\",\"dateModified\":\"2025-12-17T16:09:22+00:00\",\"inLanguage\":\"en-US\",\"potentialAction\":[{\"@type\":\"ReadAction\",\"target\":[\"https:\\\/\\\/asociatiavatra.ro\\\/noutati-impact-in-comunitate\\\/\"]}]},{\"@type\":\"ImageObject\",\"inLanguage\":\"en-US\",\"@id\":\"https:\\\/\\\/asociatiavatra.ro\\\/noutati-impact-in-comunitate\\\/#primaryimage\",\"url\":\"https:\\\/\\\/asociatiavatra.ro\\\/wp-content\\\/uploads\\\/2025\\\/12\\\/WhatsApp-Image-2025-12-11-at-23.27.39-1024x771.jpeg\",\"contentUrl\":\"https:\\\/\\\/asociatiavatra.ro\\\/wp-content\\\/uploads\\\/2025\\\/12\\\/WhatsApp-Image-2025-12-11-at-23.27.39-1024x771.jpeg\"},{\"@type\":\"WebSite\",\"@id\":\"https:\\\/\\\/asociatiavatra.ro\\\/#website\",\"url\":\"https:\\\/\\\/asociatiavatra.ro\\\/\",\"name\":\"asociatiavatra.ro\",\"description\":\"Valoriz\u0103m trecutul, transform\u0103m viitorul\",\"publisher\":{\"@id\":\"https:\\\/\\\/asociatiavatra.ro\\\/#organization\"},\"potentialAction\":[{\"@type\":\"SearchAction\",\"target\":{\"@type\":\"EntryPoint\",\"urlTemplate\":\"https:\\\/\\\/asociatiavatra.ro\\\/?s={search_term_string}\"},\"query-input\":{\"@type\":\"PropertyValueSpecification\",\"valueRequired\":true,\"valueName\":\"search_term_string\"}}],\"inLanguage\":\"en-US\"},{\"@type\":\"Organization\",\"@id\":\"https:\\\/\\\/asociatiavatra.ro\\\/#organization\",\"name\":\"asociatiavatra.ro\",\"url\":\"https:\\\/\\\/asociatiavatra.ro\\\/\",\"logo\":{\"@type\":\"ImageObject\",\"inLanguage\":\"en-US\",\"@id\":\"https:\\\/\\\/asociatiavatra.ro\\\/#\\\/schema\\\/logo\\\/image\\\/\",\"url\":\"https:\\\/\\\/i0.wp.com\\\/asociatiavatra.ro\\\/wp-content\\\/uploads\\\/2025\\\/12\\\/asociatiavatra_logo.png?fit=512%2C512&ssl=1\",\"contentUrl\":\"https:\\\/\\\/i0.wp.com\\\/asociatiavatra.ro\\\/wp-content\\\/uploads\\\/2025\\\/12\\\/asociatiavatra_logo.png?fit=512%2C512&ssl=1\",\"width\":512,\"height\":512,\"caption\":\"asociatiavatra.ro\"},\"image\":{\"@id\":\"https:\\\/\\\/asociatiavatra.ro\\\/#\\\/schema\\\/logo\\\/image\\\/\"}}]}<\/script>\n<!-- \/ Yoast SEO plugin. -->","yoast_head_json":{"title":"- asociatiavatra.ro","robots":{"index":"index","follow":"follow","max-snippet":"max-snippet:-1","max-image-preview":"max-image-preview:large","max-video-preview":"max-video-preview:-1"},"canonical":"https:\/\/asociatiavatra.ro\/en\/noutati-impact-in-comunitate\/","og_locale":"en_US","og_type":"article","og_title":"- asociatiavatra.ro","og_description":"NOUT\u0102\u021aI Aici va prinde via\u021b\u0103 panoul nostru de pove\u0219ti \u2013 un spa\u021biu unde adun\u0103m proiecte, reu\u0219ite, oameni \u0219i \u00eent\u00e2mpl\u0103ri care ne-au mi\u0219cat \u0219i au mi\u0219cat comunitatea. Deocamdat\u0103, pagina \u00ee\u0219i preg\u0103te\u0219te respira\u021bia, \u00ee\u0219i \u00eentinde luminile \u0219i a\u0219teapt\u0103 primele semne ale pa\u0219ilor no\u0219tri. Cur\u00e2nd, aici vei g\u0103si:\u2022 interven\u021bii culturale \u0219i educa\u021bionale,\u2022 \u00eent\u00e2lniri care au atins vie\u021bi,\u2022 ac\u021biuni [&hellip;]","og_url":"https:\/\/asociatiavatra.ro\/en\/noutati-impact-in-comunitate\/","og_site_name":"asociatiavatra.ro","article_modified_time":"2025-12-17T16:09:22+00:00","og_image":[{"url":"https:\/\/asociatiavatra.ro\/wp-content\/uploads\/2025\/12\/WhatsApp-Image-2025-12-11-at-23.27.39-1024x771.jpeg","type":"","width":"","height":""}],"twitter_card":"summary_large_image","twitter_misc":{"Est. reading time":"1 minute"},"schema":{"@context":"https:\/\/schema.org","@graph":[{"@type":"WebPage","@id":"https:\/\/asociatiavatra.ro\/noutati-impact-in-comunitate\/","url":"https:\/\/asociatiavatra.ro\/noutati-impact-in-comunitate\/","name":"- asociatiavatra.ro","isPartOf":{"@id":"https:\/\/asociatiavatra.ro\/#website"},"primaryImageOfPage":{"@id":"https:\/\/asociatiavatra.ro\/noutati-impact-in-comunitate\/#primaryimage"},"image":{"@id":"https:\/\/asociatiavatra.ro\/noutati-impact-in-comunitate\/#primaryimage"},"thumbnailUrl":"https:\/\/asociatiavatra.ro\/wp-content\/uploads\/2025\/12\/WhatsApp-Image-2025-12-11-at-23.27.39-1024x771.jpeg","datePublished":"2025-12-04T16:21:43+00:00","dateModified":"2025-12-17T16:09:22+00:00","inLanguage":"en-US","potentialAction":[{"@type":"ReadAction","target":["https:\/\/asociatiavatra.ro\/noutati-impact-in-comunitate\/"]}]},{"@type":"ImageObject","inLanguage":"en-US","@id":"https:\/\/asociatiavatra.ro\/noutati-impact-in-comunitate\/#primaryimage","url":"https:\/\/asociatiavatra.ro\/wp-content\/uploads\/2025\/12\/WhatsApp-Image-2025-12-11-at-23.27.39-1024x771.jpeg","contentUrl":"https:\/\/asociatiavatra.ro\/wp-content\/uploads\/2025\/12\/WhatsApp-Image-2025-12-11-at-23.27.39-1024x771.jpeg"},{"@type":"WebSite","@id":"https:\/\/asociatiavatra.ro\/#website","url":"https:\/\/asociatiavatra.ro\/","name":"asociatiavatra.ro","description":"We value the past, transform the future","publisher":{"@id":"https:\/\/asociatiavatra.ro\/#organization"},"potentialAction":[{"@type":"SearchAction","target":{"@type":"EntryPoint","urlTemplate":"https:\/\/asociatiavatra.ro\/?s={search_term_string}"},"query-input":{"@type":"PropertyValueSpecification","valueRequired":true,"valueName":"search_term_string"}}],"inLanguage":"en-US"},{"@type":"Organization","@id":"https:\/\/asociatiavatra.ro\/#organization","name":"asociatiavatra.ro","url":"https:\/\/asociatiavatra.ro\/","logo":{"@type":"ImageObject","inLanguage":"en-US","@id":"https:\/\/asociatiavatra.ro\/#\/schema\/logo\/image\/","url":"https:\/\/i0.wp.com\/asociatiavatra.ro\/wp-content\/uploads\/2025\/12\/asociatiavatra_logo.png?fit=512%2C512&ssl=1","contentUrl":"https:\/\/i0.wp.com\/asociatiavatra.ro\/wp-content\/uploads\/2025\/12\/asociatiavatra_logo.png?fit=512%2C512&ssl=1","width":512,"height":512,"caption":"asociatiavatra.ro"},"image":{"@id":"https:\/\/asociatiavatra.ro\/#\/schema\/logo\/image\/"}}]}},"uagb_featured_image_src":{"full":false,"thumbnail":false,"medium":false,"medium_large":false,"large":false,"1536x1536":false,"2048x2048":false,"trp-custom-language-flag":false},"uagb_author_info":{"display_name":"andreea_nicolae","author_link":"https:\/\/asociatiavatra.ro\/en\/author\/andreea_nicolae\/"},"uagb_comment_info":0,"uagb_excerpt":"NOUT\u0102\u021aI Aici va prinde via\u021b\u0103 panoul nostru de pove\u0219ti \u2013 un spa\u021biu unde adun\u0103m proiecte, reu\u0219ite, oameni \u0219i \u00eent\u00e2mpl\u0103ri care ne-au mi\u0219cat \u0219i au mi\u0219cat comunitatea. Deocamdat\u0103, pagina \u00ee\u0219i preg\u0103te\u0219te respira\u021bia, \u00ee\u0219i \u00eentinde luminile \u0219i a\u0219teapt\u0103 primele semne ale pa\u0219ilor no\u0219tri. Cur\u00e2nd, aici vei g\u0103si:\u2022 interven\u021bii culturale \u0219i educa\u021bionale,\u2022 \u00eent\u00e2lniri care au atins vie\u021bi,\u2022 ac\u021biuni&hellip;","jetpack_sharing_enabled":true,"_links":{"self":[{"href":"https:\/\/asociatiavatra.ro\/en\/wp-json\/wp\/v2\/pages\/56","targetHints":{"allow":["GET"]}}],"collection":[{"href":"https:\/\/asociatiavatra.ro\/en\/wp-json\/wp\/v2\/pages"}],"about":[{"href":"https:\/\/asociatiavatra.ro\/en\/wp-json\/wp\/v2\/types\/page"}],"author":[{"embeddable":true,"href":"https:\/\/asociatiavatra.ro\/en\/wp-json\/wp\/v2\/users\/1"}],"replies":[{"embeddable":true,"href":"https:\/\/asociatiavatra.ro\/en\/wp-json\/wp\/v2\/comments?post=56"}],"version-history":[{"count":9,"href":"https:\/\/asociatiavatra.ro\/en\/wp-json\/wp\/v2\/pages\/56\/revisions"}],"predecessor-version":[{"id":510,"href":"https:\/\/asociatiavatra.ro\/en\/wp-json\/wp\/v2\/pages\/56\/revisions\/510"}],"wp:attachment":[{"href":"https:\/\/asociatiavatra.ro\/en\/wp-json\/wp\/v2\/media?parent=56"}],"curies":[{"name":"wp","href":"https:\/\/api.w.org\/{rel}","templated":true}]}}